{"id":13,"date":"2024-09-25T19:20:17","date_gmt":"2024-09-25T22:20:17","guid":{"rendered":"https:\/\/mapstudiocriativo.com.br\/projetos\/casa-vista\/?page_id=13"},"modified":"2024-11-05T13:00:12","modified_gmt":"2024-11-05T16:00:12","slug":"home","status":"publish","type":"page","link":"https:\/\/mapstudiocriativo.com.br\/projetos\/casa-vista\/","title":{"rendered":"Home"},"content":{"rendered":"<div class=\"wpb-content-wrapper\"><p>[vc_row css=&#8221;.vc_custom_1727304210750{margin-top: -65px !important;}&#8221;][vc_column]\n\t\t\t\t<p class=\"rs-p-wp-fix\"><\/p>\n\t\t\t\t<sr7-module data-alias=\"slider-1\" data-id=\"1\" id=\"SR7_1_1\" class=\"rs-ov-hidden\" data-version=\"6.7.17\">\n\t\t\t\t\t<sr7-adjuster><\/sr7-adjuster>\n\t\t\t\t\t<sr7-content>\n\t\t\t\t\t\t<sr7-slide id=\"SR7_1_1-1\" data-key=\"1\">\n\t\t\t\t\t\t\t<sr7-bg id=\"SR7_1_1-1-1\" class=\"sr7-layer\"><noscript><img decoding=\"async\" src=\"https:\/\/mapstudiocriativo.com.br\/projetos\/casa-vista\/wp-content\/uploads\/2024\/09\/banner.png\" alt=\"\" title=\"\"><\/noscript><\/sr7-bg>\n\t\t\t\t\t\t<\/sr7-slide>\n\t\t\t\t\t\t<sr7-slide id=\"SR7_1_1-2\" data-key=\"2\">\n\t\t\t\t\t\t<\/sr7-slide>\n\t\t\t\t\t<\/sr7-content>\n\t\t\t\t\t<image_lists style=\"display:none\">\n\t\t\t\t\t\t<img data-src=\"\/\/mapstudiocriativo.com.br\/projetos\/casa-vista\/wp-content\/uploads\/2024\/09\/banner.png\" data-libid=\"30\" data-lib=\"medialibrary\" width=\"0\" height=\"0\" data-dbsrc=\"Ly9tYXBzdHVkaW9jcmlhdGl2by5jb20uYnIvcHJvamV0b3MvY2FzYS12aXN0YS93cC1jb250ZW50L3VwbG9hZHMvMjAyNC8wOS9iYW5uZXIucG5n\"\/>\n\t\t\t\t\t<\/image_lists>\n\t\t\t\t<\/sr7-module>\n\t\t\t\t<script>\n\t\t\t\t\tSR7.PMH ??={}; SR7.PMH[\"SR7_1_1\"] = {cn:0,state:false,fn: function() { if (_tpt!==undefined && _tpt.prepareModuleHeight !== undefined) {  _tpt.prepareModuleHeight({id:\"SR7_1_1\",el:[727,727,727,727,720],type:'standard',shdw:'0',gh:[727,727,727,727,500],gw:[1367,1367,1367,1367,480],vpt:['100px&#039;,&#039;100px&#039;,&#039;100px&#039;,&#039;100px&#039;,&#039;100px'],size:{fullWidth:true, fullHeight:false},mh:'0',onh:0,onw:0,bg:{color:'{\"orig\":\"transparent\",\"type\":\"solid\",\"string\":\"transparent\"}'}});   SR7.PMH[\"SR7_1_1\"].state=true;} else if((SR7.PMH[\"SR7_1_1\"].cn++)<100)\tsetTimeout( SR7.PMH[\"SR7_1_1\"].fn,19);}};SR7.PMH[\"SR7_1_1\" ].fn();\n\t\t\t\t<\/script>\n[\/vc_column][\/vc_row][vc_row][vc_column][vc_empty_space height=&#8221;74&#8243;][\/vc_column][\/vc_row][vc_row content_placement=&#8221;middle&#8221;][vc_column width=&#8221;4\/12&#8243; la_animation_duration=&#8221;1&#8243; la_animation_delay=&#8221;0&#8243; la_animation_iteration_count=&#8221;1&#8243; offset=&#8221;vc_hidden-sm vc_hidden-xs&#8221;][vc_single_image image=&#8221;33&#8243; img_size=&#8221;full&#8221; css=&#8221;&#8221;][\/vc_column][vc_column width=&#8221;8\/12&#8243; la_animation_duration=&#8221;1&#8243; la_animation_delay=&#8221;0&#8243; la_animation_iteration_count=&#8221;1&#8243; offset=&#8221;vc_hidden-sm vc_hidden-xs&#8221;][vc_column_text css=&#8221;&#8221;]\u00c9 realmente m\u00e1gico quando voc\u00ea encontra um espa\u00e7o que dan\u00e7a com as emo\u00e7\u00f5es. Que guia sorrisos e conta lindas hist\u00f3rias. Hist\u00f3rias que se entrela\u00e7am com mem\u00f3rias.<\/p>\n<p>Um espa\u00e7o com jeito de casa. Com gosto, cheiro de inf\u00e2ncia, onde o bonito, n\u00e3o \u00e9 s\u00f3 bonito, tem significado. Tem afeto. Tem import\u00e2ncia. \u00c9 palco onde a felicidade se apresenta. \u00c9 poesia de momentos e suspiros \u00e9 realmente m\u00e1gico, onde as mem\u00f3rias se eternizam.<\/p>\n<p>O celebrar em suas mais diversas formas, a cada la\u00e7o familiar que se fortalece e transforma. Grandes conquistas, que merecem ser reverenciadas. A vida!<\/p>\n<p>Onde sonhos s\u00e3o convidados de honra. onde o tempo para, para os sentimentos mais nobres. \u00c9 onde o sol \u00e9 quente, a brisa \u00e9 envolvente. E tudo que voc\u00ea sonha, importa.<\/p>\n<p>\u00c9 realmente m\u00e1gico.<br \/>\nA nossa vista. A nossa casa.<br \/>\nO Casa Vista.[\/vc_column_text][\/vc_column][\/vc_row][vc_row][vc_column la_animation_duration=&#8221;1&#8243; la_animation_delay=&#8221;0&#8243; la_animation_iteration_count=&#8221;1&#8243; offset=&#8221;vc_hidden-lg vc_hidden-md&#8221;][vc_column_text css=&#8221;&#8221;]\u00c9 realmente m\u00e1gico quando voc\u00ea encontra um espa\u00e7o que dan\u00e7a com as emo\u00e7\u00f5es. Que guia sorrisos e conta lindas hist\u00f3rias. Hist\u00f3rias que se entrela\u00e7am com mem\u00f3rias.<\/p>\n<p>Um espa\u00e7o com jeito de casa. Com gosto, cheiro de inf\u00e2ncia, onde o bonito, n\u00e3o \u00e9 s\u00f3 bonito, tem significado. Tem afeto. Tem import\u00e2ncia. \u00c9 palco onde a felicidade se apresenta. \u00c9 poesia de momentos e suspiros \u00e9 realmente m\u00e1gico, onde as mem\u00f3rias se eternizam.<\/p>\n<p>O celebrar em suas mais diversas formas, a cada la\u00e7o familiar que se fortalece e transforma. Grandes conquistas, que merecem ser reverenciadas. A vida!<\/p>\n<p>Onde sonhos s\u00e3o convidados de honra. onde o tempo para, para os sentimentos mais nobres. \u00c9 onde o sol \u00e9 quente, a brisa \u00e9 envolvente. E tudo que voc\u00ea sonha, importa.<\/p>\n<p>\u00c9 realmente m\u00e1gico.<br \/>\nA nossa vista. A nossa casa.<br \/>\nO Casa Vista.[\/vc_column_text][vc_empty_space][vc_empty_space][\/vc_column][\/vc_row][vc_row css=&#8221;.vc_custom_1727309282068{margin-top: -100px !important;}&#8221;][vc_column width=&#8221;1\/12&#8243;][\/vc_column][vc_column width=&#8221;10\/12&#8243;][vc_single_image image=&#8221;34&#8243; img_size=&#8221;full&#8221; alignment=&#8221;center&#8221; css=&#8221;&#8221;][\/vc_column][vc_column width=&#8221;1\/12&#8243;][\/vc_column][\/vc_row]<\/p>\n<\/div>","protected":false},"excerpt":{"rendered":"<p>[vc_row css=&#8221;.vc_custom_1727304210750{margin-top: -65px !important;}&#8221;][vc_column][\/vc_column][\/vc_row][vc_row][vc_column][vc_empty_space height=&#8221;74&#8243;][\/vc_column][\/vc_row][vc_row content_placement=&#8221;middle&#8221;][vc_column width=&#8221;4\/12&#8243; la_animation_duration=&#8221;1&#8243; la_animation_delay=&#8221;0&#8243; la_animation_iteration_count=&#8221;1&#8243; offset=&#8221;vc_hidden-sm vc_hidden-xs&#8221;][vc_single_image image=&#8221;33&#8243; img_size=&#8221;full&#8221; css=&#8221;&#8221;][\/vc_column][vc_column width=&#8221;8\/12&#8243; la_animation_duration=&#8221;1&#8243; la_animation_delay=&#8221;0&#8243; la_animation_iteration_count=&#8221;1&#8243; offset=&#8221;vc_hidden-sm vc_hidden-xs&#8221;][vc_column_text css=&#8221;&#8221;]\u00c9 realmente m\u00e1gico&hellip;<\/p>\n","protected":false},"author":1,"featured_media":0,"parent":0,"menu_order":0,"comment_status":"closed","ping_status":"closed","template":"","meta":{"footnotes":""},"class_list":["post-13","page","type-page","status-publish","hentry"],"_links":{"self":[{"href":"https:\/\/mapstudiocriativo.com.br\/projetos\/casa-vista\/wp-json\/wp\/v2\/pages\/13"}],"collection":[{"href":"https:\/\/mapstudiocriativo.com.br\/projetos\/casa-vista\/wp-json\/wp\/v2\/pages"}],"about":[{"href":"https:\/\/mapstudiocriativo.com.br\/projetos\/casa-vista\/wp-json\/wp\/v2\/types\/page"}],"author":[{"embeddable":true,"href":"https:\/\/mapstudiocriativo.com.br\/projetos\/casa-vista\/wp-json\/wp\/v2\/users\/1"}],"replies":[{"embeddable":true,"href":"https:\/\/mapstudiocriativo.com.br\/projetos\/casa-vista\/wp-json\/wp\/v2\/comments?post=13"}],"version-history":[{"count":8,"href":"https:\/\/mapstudiocriativo.com.br\/projetos\/casa-vista\/wp-json\/wp\/v2\/pages\/13\/revisions"}],"predecessor-version":[{"id":224,"href":"https:\/\/mapstudiocriativo.com.br\/projetos\/casa-vista\/wp-json\/wp\/v2\/pages\/13\/revisions\/224"}],"wp:attachment":[{"href":"https:\/\/mapstudiocriativo.com.br\/projetos\/casa-vista\/wp-json\/wp\/v2\/media?parent=13"}],"curies":[{"name":"wp","href":"https:\/\/api.w.org\/{rel}","templated":true}]}}